{"id":1304,"date":"2026-04-07T22:32:31","date_gmt":"2026-04-07T22:32:31","guid":{"rendered":"https:\/\/www.reefcruise.it\/location-gopro-kit-aventure\/"},"modified":"2026-04-09T15:35:04","modified_gmt":"2026-04-09T15:35:04","slug":"location-gopro-kit-aventure","status":"publish","type":"page","link":"https:\/\/www.reefcruise.it\/fr\/location-gopro-kit-aventure\/","title":{"rendered":"Location GoPro + Kit Aventure"},"content":{"rendered":"\t\t<div data-elementor-type=\"wp-page\" data-elementor-id=\"1304\" class=\"elementor elementor-1304 elementor-857\" data-elementor-post-type=\"page\">\n\t\t\t\t<div class=\"elementor-element elementor-element-2230fc1 e-con-full e-flex e-con e-parent\" data-id=\"2230fc1\" data-element_type=\"container\" data-e-type=\"container\" data-settings=\"{&quot;background_background&quot;:&quot;classic&quot;}\">\n\t\t\t\t<\/div>\n\t\t<div class=\"elementor-element elementor-element-497a2f66 e-flex e-con-boxed e-con e-parent\" data-id=\"497a2f66\" data-element_type=\"container\" data-e-type=\"container\">\n\t\t\t\t\t<div class=\"e-con-inner\">\n\t\t<div class=\"elementor-element elementor-element-63a1721 e-con-full e-flex e-con e-child\" data-id=\"63a1721\" data-element_type=\"container\" data-e-type=\"container\">\n\t\t\t\t<div class=\"elementor-element elementor-element-685d41b5 elementor-widget elementor-widget-text-editor\" data-id=\"685d41b5\" data-element_type=\"widget\" data-e-type=\"widget\" data-widget_type=\"text-editor.default\">\n\t\t\t\t\t\t\t\t\t<p>Vis l\u2019excursion sans te soucier de ton smartphone. Avec notre kit GoPro, tu peux filmer et prendre des photos m\u00eame sous l\u2019eau, en toute s\u00e9curit\u00e9. <br><br><\/p><h3>Ce que comprend le kit<\/h3><p>GoPro, bo\u00eetier \u00e9tanche et poign\u00e9e flottante. Nage, plonge et immerge-toi pendant les arr\u00eats : le flotteur maintient la cam\u00e9ra \u00e0 la surface, tu n\u2019as plus qu\u2019\u00e0 t\u2019amuser. <br><br><\/p><h3>Comment \u00e7a marche<\/h3><p>Sous 7 jours ouvrables, tu recevras toutes les photos et vid\u00e9os par e-mail via SwissTransfer. Le lien de t\u00e9l\u00e9chargement reste actif pendant 30 jours. <br><br><\/p><h3>Tarifs<\/h3><ul><li>Demi-journ\u00e9e : 30 \u20ac<\/li><li>Journ\u00e9e enti\u00e8re : 50 \u20ac<br><br><\/li><\/ul><h3>Comment r\u00e9server<\/h3><p>\u00c9cris-nous sur WhatsApp pour r\u00e9server le kit. Paiement par PayPal ou en esp\u00e8ces \u00e0 l\u2019embarquement. <\/p>\t\t\t\t\t\t\t\t<\/div>\n\t\t\t\t<\/div>\n\t\t<div class=\"elementor-element elementor-element-5615d178 e-con-full e-flex e-con e-child\" data-id=\"5615d178\" data-element_type=\"container\" data-e-type=\"container\" data-settings=\"{&quot;background_background&quot;:&quot;classic&quot;}\">\n\t\t\t\t<\/div>\n\t\t\t\t\t<\/div>\n\t\t\t\t<\/div>\n\t\t\t\t<\/div>\n\t\t","protected":false},"excerpt":{"rendered":"<p>Vis l\u2019excursion sans te soucier de ton smartphone. Avec notre kit GoPro, tu peux filmer et prendre des photos m\u00eame sous l\u2019eau, en toute s\u00e9curit\u00e9. Ce que comprend le kit GoPro, bo\u00eetier \u00e9tanche et poign\u00e9e flottante. Nage, plonge et immerge-toi pendant les arr\u00eats : le flotteur maintient la cam\u00e9ra \u00e0 la surface, tu n\u2019as plus [&hellip;]<\/p>\n","protected":false},"author":1,"featured_media":0,"parent":0,"menu_order":0,"comment_status":"closed","ping_status":"closed","template":"","meta":{"footnotes":""},"class_list":["post-1304","page","type-page","status-publish","hentry"],"yoast_head":"<!-- This site is optimized with the Yoast SEO plugin v27.3 - https:\/\/yoast.com\/product\/yoast-seo-wordpress\/ -->\n<title>Location GoPro + Kit Aventure - Reef Cruise<\/title>\n<meta name=\"robots\" content=\"index, follow, max-snippet:-1, max-image-preview:large, max-video-preview:-1\" \/>\n<link rel=\"canonical\" href=\"https:\/\/www.reefcruise.it\/fr\/location-gopro-kit-aventure\/\" \/>\n<meta property=\"og:locale\" content=\"fr_FR\" \/>\n<meta property=\"og:type\" content=\"article\" \/>\n<meta property=\"og:title\" content=\"Location GoPro + Kit Aventure - Reef Cruise\" \/>\n<meta property=\"og:description\" content=\"Vis l\u2019excursion sans te soucier de ton smartphone. Avec notre kit GoPro, tu peux filmer et prendre des photos m\u00eame sous l\u2019eau, en toute s\u00e9curit\u00e9. Ce que comprend le kit GoPro, bo\u00eetier \u00e9tanche et poign\u00e9e flottante. Nage, plonge et immerge-toi pendant les arr\u00eats : le flotteur maintient la cam\u00e9ra \u00e0 la surface, tu n\u2019as plus [&hellip;]\" \/>\n<meta property=\"og:url\" content=\"https:\/\/www.reefcruise.it\/fr\/location-gopro-kit-aventure\/\" \/>\n<meta property=\"og:site_name\" content=\"Reef Cruise\" \/>\n<meta property=\"article:modified_time\" content=\"2026-04-09T15:35:04+00:00\" \/>\n<meta property=\"og:image\" content=\"https:\/\/www.reefcruise.it\/wp-content\/uploads\/2026\/03\/002_compressed.jpg\" \/>\n\t<meta property=\"og:image:width\" content=\"1280\" \/>\n\t<meta property=\"og:image:height\" content=\"832\" \/>\n\t<meta property=\"og:image:type\" content=\"image\/jpeg\" \/>\n<script type=\"application\/ld+json\" class=\"yoast-schema-graph\">{\"@context\":\"https:\\\/\\\/schema.org\",\"@graph\":[{\"@type\":\"WebPage\",\"@id\":\"https:\\\/\\\/www.reefcruise.it\\\/fr\\\/location-gopro-kit-aventure\\\/\",\"url\":\"https:\\\/\\\/www.reefcruise.it\\\/fr\\\/location-gopro-kit-aventure\\\/\",\"name\":\"Location GoPro + Kit Aventure - Reef Cruise\",\"isPartOf\":{\"@id\":\"https:\\\/\\\/www.reefcruise.it\\\/fr\\\/#website\"},\"datePublished\":\"2026-04-07T22:32:31+00:00\",\"dateModified\":\"2026-04-09T15:35:04+00:00\",\"breadcrumb\":{\"@id\":\"https:\\\/\\\/www.reefcruise.it\\\/fr\\\/location-gopro-kit-aventure\\\/#breadcrumb\"},\"inLanguage\":\"fr-FR\",\"potentialAction\":[{\"@type\":\"ReadAction\",\"target\":[\"https:\\\/\\\/www.reefcruise.it\\\/fr\\\/location-gopro-kit-aventure\\\/\"]}]},{\"@type\":\"BreadcrumbList\",\"@id\":\"https:\\\/\\\/www.reefcruise.it\\\/fr\\\/location-gopro-kit-aventure\\\/#breadcrumb\",\"itemListElement\":[{\"@type\":\"ListItem\",\"position\":1,\"name\":\"Home\",\"item\":\"https:\\\/\\\/www.reefcruise.it\\\/fr\\\/accueil\\\/\"},{\"@type\":\"ListItem\",\"position\":2,\"name\":\"Location GoPro + Kit Aventure\"}]},{\"@type\":\"WebSite\",\"@id\":\"https:\\\/\\\/www.reefcruise.it\\\/fr\\\/#website\",\"url\":\"https:\\\/\\\/www.reefcruise.it\\\/fr\\\/\",\"name\":\"Reef Cruise\",\"description\":\"\",\"publisher\":{\"@id\":\"https:\\\/\\\/www.reefcruise.it\\\/fr\\\/#organization\"},\"potentialAction\":[{\"@type\":\"SearchAction\",\"target\":{\"@type\":\"EntryPoint\",\"urlTemplate\":\"https:\\\/\\\/www.reefcruise.it\\\/fr\\\/?s={search_term_string}\"},\"query-input\":{\"@type\":\"PropertyValueSpecification\",\"valueRequired\":true,\"valueName\":\"search_term_string\"}}],\"inLanguage\":\"fr-FR\"},{\"@type\":\"Organization\",\"@id\":\"https:\\\/\\\/www.reefcruise.it\\\/fr\\\/#organization\",\"name\":\"Reef Cruise\",\"url\":\"https:\\\/\\\/www.reefcruise.it\\\/fr\\\/\",\"logo\":{\"@type\":\"ImageObject\",\"inLanguage\":\"fr-FR\",\"@id\":\"https:\\\/\\\/www.reefcruise.it\\\/fr\\\/#\\\/schema\\\/logo\\\/image\\\/\",\"url\":\"https:\\\/\\\/www.reefcruise.it\\\/wp-content\\\/uploads\\\/2026\\\/03\\\/logo-color.svg\",\"contentUrl\":\"https:\\\/\\\/www.reefcruise.it\\\/wp-content\\\/uploads\\\/2026\\\/03\\\/logo-color.svg\",\"width\":1772,\"height\":1109,\"caption\":\"Reef Cruise\"},\"image\":{\"@id\":\"https:\\\/\\\/www.reefcruise.it\\\/fr\\\/#\\\/schema\\\/logo\\\/image\\\/\"}}]}<\/script>\n<!-- \/ Yoast SEO plugin. -->","yoast_head_json":{"title":"Location GoPro + Kit Aventure - Reef Cruise","robots":{"index":"index","follow":"follow","max-snippet":"max-snippet:-1","max-image-preview":"max-image-preview:large","max-video-preview":"max-video-preview:-1"},"canonical":"https:\/\/www.reefcruise.it\/fr\/location-gopro-kit-aventure\/","og_locale":"fr_FR","og_type":"article","og_title":"Location GoPro + Kit Aventure - Reef Cruise","og_description":"Vis l\u2019excursion sans te soucier de ton smartphone. Avec notre kit GoPro, tu peux filmer et prendre des photos m\u00eame sous l\u2019eau, en toute s\u00e9curit\u00e9. Ce que comprend le kit GoPro, bo\u00eetier \u00e9tanche et poign\u00e9e flottante. Nage, plonge et immerge-toi pendant les arr\u00eats : le flotteur maintient la cam\u00e9ra \u00e0 la surface, tu n\u2019as plus [&hellip;]","og_url":"https:\/\/www.reefcruise.it\/fr\/location-gopro-kit-aventure\/","og_site_name":"Reef Cruise","article_modified_time":"2026-04-09T15:35:04+00:00","og_image":[{"width":1280,"height":832,"url":"https:\/\/www.reefcruise.it\/wp-content\/uploads\/2026\/03\/002_compressed.jpg","type":"image\/jpeg"}],"schema":{"@context":"https:\/\/schema.org","@graph":[{"@type":"WebPage","@id":"https:\/\/www.reefcruise.it\/fr\/location-gopro-kit-aventure\/","url":"https:\/\/www.reefcruise.it\/fr\/location-gopro-kit-aventure\/","name":"Location GoPro + Kit Aventure - Reef Cruise","isPartOf":{"@id":"https:\/\/www.reefcruise.it\/fr\/#website"},"datePublished":"2026-04-07T22:32:31+00:00","dateModified":"2026-04-09T15:35:04+00:00","breadcrumb":{"@id":"https:\/\/www.reefcruise.it\/fr\/location-gopro-kit-aventure\/#breadcrumb"},"inLanguage":"fr-FR","potentialAction":[{"@type":"ReadAction","target":["https:\/\/www.reefcruise.it\/fr\/location-gopro-kit-aventure\/"]}]},{"@type":"BreadcrumbList","@id":"https:\/\/www.reefcruise.it\/fr\/location-gopro-kit-aventure\/#breadcrumb","itemListElement":[{"@type":"ListItem","position":1,"name":"Home","item":"https:\/\/www.reefcruise.it\/fr\/accueil\/"},{"@type":"ListItem","position":2,"name":"Location GoPro + Kit Aventure"}]},{"@type":"WebSite","@id":"https:\/\/www.reefcruise.it\/fr\/#website","url":"https:\/\/www.reefcruise.it\/fr\/","name":"Reef Cruise","description":"","publisher":{"@id":"https:\/\/www.reefcruise.it\/fr\/#organization"},"potentialAction":[{"@type":"SearchAction","target":{"@type":"EntryPoint","urlTemplate":"https:\/\/www.reefcruise.it\/fr\/?s={search_term_string}"},"query-input":{"@type":"PropertyValueSpecification","valueRequired":true,"valueName":"search_term_string"}}],"inLanguage":"fr-FR"},{"@type":"Organization","@id":"https:\/\/www.reefcruise.it\/fr\/#organization","name":"Reef Cruise","url":"https:\/\/www.reefcruise.it\/fr\/","logo":{"@type":"ImageObject","inLanguage":"fr-FR","@id":"https:\/\/www.reefcruise.it\/fr\/#\/schema\/logo\/image\/","url":"https:\/\/www.reefcruise.it\/wp-content\/uploads\/2026\/03\/logo-color.svg","contentUrl":"https:\/\/www.reefcruise.it\/wp-content\/uploads\/2026\/03\/logo-color.svg","width":1772,"height":1109,"caption":"Reef Cruise"},"image":{"@id":"https:\/\/www.reefcruise.it\/fr\/#\/schema\/logo\/image\/"}}]}},"_links":{"self":[{"href":"https:\/\/www.reefcruise.it\/fr\/wp-json\/wp\/v2\/pages\/1304","targetHints":{"allow":["GET"]}}],"collection":[{"href":"https:\/\/www.reefcruise.it\/fr\/wp-json\/wp\/v2\/pages"}],"about":[{"href":"https:\/\/www.reefcruise.it\/fr\/wp-json\/wp\/v2\/types\/page"}],"author":[{"embeddable":true,"href":"https:\/\/www.reefcruise.it\/fr\/wp-json\/wp\/v2\/users\/1"}],"replies":[{"embeddable":true,"href":"https:\/\/www.reefcruise.it\/fr\/wp-json\/wp\/v2\/comments?post=1304"}],"version-history":[{"count":1,"href":"https:\/\/www.reefcruise.it\/fr\/wp-json\/wp\/v2\/pages\/1304\/revisions"}],"predecessor-version":[{"id":1305,"href":"https:\/\/www.reefcruise.it\/fr\/wp-json\/wp\/v2\/pages\/1304\/revisions\/1305"}],"wp:attachment":[{"href":"https:\/\/www.reefcruise.it\/fr\/wp-json\/wp\/v2\/media?parent=1304"}],"curies":[{"name":"wp","href":"https:\/\/api.w.org\/{rel}","templated":true}]}}