{"id":1202,"date":"2026-04-07T22:16:24","date_gmt":"2026-04-07T22:16:24","guid":{"rendered":"https:\/\/www.reefcruise.it\/contacts\/"},"modified":"2026-04-09T13:49:25","modified_gmt":"2026-04-09T13:49:25","slug":"contacts","status":"publish","type":"page","link":"https:\/\/www.reefcruise.it\/fr\/contacts\/","title":{"rendered":"Contacts"},"content":{"rendered":"\t\t<div data-elementor-type=\"wp-page\" data-elementor-id=\"1202\" class=\"elementor elementor-1202 elementor-841\" data-elementor-post-type=\"page\">\n\t\t\t\t<div class=\"elementor-element elementor-element-2230fc1 e-con-full e-flex e-con e-parent\" data-id=\"2230fc1\" data-element_type=\"container\" data-e-type=\"container\" data-settings=\"{&quot;background_background&quot;:&quot;classic&quot;}\">\n\t\t\t\t<\/div>\n\t\t<div class=\"elementor-element elementor-element-497a2f66 e-flex e-con-boxed e-con e-parent\" data-id=\"497a2f66\" data-element_type=\"container\" data-e-type=\"container\">\n\t\t\t\t\t<div class=\"e-con-inner\">\n\t\t<div class=\"elementor-element elementor-element-63a1721 e-con-full e-flex e-con e-child\" data-id=\"63a1721\" data-element_type=\"container\" data-e-type=\"container\">\n\t\t\t\t<div class=\"elementor-element elementor-element-685d41b5 elementor-widget elementor-widget-text-editor\" data-id=\"685d41b5\" data-element_type=\"widget\" data-e-type=\"widget\" data-widget_type=\"text-editor.default\">\n\t\t\t\t\t\t\t\t\t<p>Pour des excursions priv\u00e9es, des groupes, des \u00e9v\u00e9nements sp\u00e9ciaux ou toute demande que la r\u00e9servation en ligne ne couvre pas, \u00e9cris-nous ou appelle-nous. Nous te r\u00e9pondrons personnellement sous 24 heures. <\/p>\t\t\t\t\t\t\t\t<\/div>\n\t\t\t\t<div class=\"elementor-element elementor-element-53b84e47 elementor-mobile-align-center elementor-icon-list--layout-traditional elementor-list-item-link-full_width elementor-widget elementor-widget-icon-list\" data-id=\"53b84e47\" data-element_type=\"widget\" data-e-type=\"widget\" data-widget_type=\"icon-list.default\">\n\t\t\t\t\t\t\t<ul class=\"elementor-icon-list-items\">\n\t\t\t\t\t\t\t<li class=\"elementor-icon-list-item\">\n\t\t\t\t\t\t\t\t\t\t<span class=\"elementor-icon-list-text\"><b>Reef Cruise<\/b><\/span>\n\t\t\t\t\t\t\t\t\t<\/li>\n\t\t\t\t\t\t\t\t<li class=\"elementor-icon-list-item\">\n\t\t\t\t\t\t\t\t\t\t<span class=\"elementor-icon-list-text\">Port d\u2019Alghero - c\/o Pontili Mar de Plata<\/span>\n\t\t\t\t\t\t\t\t\t<\/li>\n\t\t\t\t\t\t\t\t<li class=\"elementor-icon-list-item\">\n\t\t\t\t\t\t\t\t\t\t<span class=\"elementor-icon-list-text\">07041 Alghero (SS)<\/span>\n\t\t\t\t\t\t\t\t\t<\/li>\n\t\t\t\t\t\t\t\t<li class=\"elementor-icon-list-item\">\n\t\t\t\t\t\t\t\t\t\t<span class=\"elementor-icon-list-text\">T : (+39) 379 146 4381<\/span>\n\t\t\t\t\t\t\t\t\t<\/li>\n\t\t\t\t\t\t\t\t<li class=\"elementor-icon-list-item\">\n\t\t\t\t\t\t\t\t\t\t<span class=\"elementor-icon-list-text\">M : info@reefcruise.it<\/span>\n\t\t\t\t\t\t\t\t\t<\/li>\n\t\t\t\t\t\t<\/ul>\n\t\t\t\t\t\t<\/div>\n\t\t\t\t<div class=\"elementor-element elementor-element-4cc615e0 elementor-widget-divider--view-line elementor-widget elementor-widget-divider\" data-id=\"4cc615e0\" data-element_type=\"widget\" data-e-type=\"widget\" data-widget_type=\"divider.default\">\n\t\t\t\t\t\t\t<div class=\"elementor-divider\">\n\t\t\t<span class=\"elementor-divider-separator\">\n\t\t\t\t\t\t<\/span>\n\t\t<\/div>\n\t\t\t\t\t\t<\/div>\n\t\t\t\t<\/div>\n\t\t<div class=\"elementor-element elementor-element-5615d178 e-con-full e-flex e-con e-child\" data-id=\"5615d178\" data-element_type=\"container\" data-e-type=\"container\" data-settings=\"{&quot;background_background&quot;:&quot;classic&quot;}\">\n\t\t\t\t<\/div>\n\t\t\t\t\t<\/div>\n\t\t\t\t<\/div>\n\t\t<div class=\"elementor-element elementor-element-272150b4 e-flex e-con-boxed e-con e-parent\" data-id=\"272150b4\" data-element_type=\"container\" data-e-type=\"container\">\n\t\t\t\t\t<div class=\"e-con-inner\">\n\t\t<div class=\"elementor-element elementor-element-33c59aa1 e-con-full e-flex e-con e-child\" data-id=\"33c59aa1\" data-element_type=\"container\" data-e-type=\"container\">\n\t\t\t\t<div class=\"elementor-element elementor-element-587b0fbe elementor-widget elementor-widget-heading\" data-id=\"587b0fbe\" data-element_type=\"widget\" data-e-type=\"widget\" data-widget_type=\"heading.default\">\n\t\t\t\t\t<h2 class=\"elementor-heading-title elementor-size-default\">O\u00f9 nous trouver<\/h2>\t\t\t\t<\/div>\n\t\t\t\t<\/div>\n\t\t<div class=\"elementor-element elementor-element-143f1a10 e-con-full e-flex e-con e-child\" data-id=\"143f1a10\" data-element_type=\"container\" data-e-type=\"container\">\n\t\t<div class=\"elementor-element elementor-element-12e41ab0 e-con-full e-flex e-con e-child\" data-id=\"12e41ab0\" data-element_type=\"container\" data-e-type=\"container\">\n\t\t\t\t<div class=\"elementor-element elementor-element-550fb20a elementor-widget elementor-widget-google_maps\" data-id=\"550fb20a\" data-element_type=\"widget\" data-e-type=\"widget\" data-widget_type=\"google_maps.default\">\n\t\t\t\t\t\t\t<div class=\"elementor-custom-embed\">\n\t\t\t<iframe loading=\"lazy\"\n\t\t\t\t\tsrc=\"https:\/\/maps.google.com\/maps?q=Reef%20Cruise%20Alghero&#038;t=m&#038;z=13&#038;output=embed&#038;iwloc=near\"\n\t\t\t\t\ttitle=\"Reef Cruise Alghero\"\n\t\t\t\t\taria-label=\"Reef Cruise Alghero\"\n\t\t\t><\/iframe>\n\t\t<\/div>\n\t\t\t\t\t\t<\/div>\n\t\t\t\t<\/div>\n\t\t\t\t<\/div>\n\t\t\t\t\t<\/div>\n\t\t\t\t<\/div>\n\t\t\t\t<\/div>\n\t\t","protected":false},"excerpt":{"rendered":"<p>Pour des excursions priv\u00e9es, des groupes, des \u00e9v\u00e9nements sp\u00e9ciaux ou toute demande que la r\u00e9servation en ligne ne couvre pas, \u00e9cris-nous ou appelle-nous. Nous te r\u00e9pondrons personnellement sous 24 heures. Reef Cruise Port d\u2019Alghero &#8211; c\/o Pontili Mar de Plata 07041 Alghero (SS) T : (+39) 379 146 4381 M : info@reefcruise.it O\u00f9 nous trouver<\/p>\n","protected":false},"author":1,"featured_media":0,"parent":0,"menu_order":0,"comment_status":"closed","ping_status":"closed","template":"","meta":{"footnotes":""},"class_list":["post-1202","page","type-page","status-publish","hentry"],"yoast_head":"<!-- This site is optimized with the Yoast SEO plugin v27.3 - https:\/\/yoast.com\/product\/yoast-seo-wordpress\/ -->\n<title>Contacts - Reef Cruise<\/title>\n<meta name=\"robots\" content=\"index, follow, max-snippet:-1, max-image-preview:large, max-video-preview:-1\" \/>\n<link rel=\"canonical\" href=\"https:\/\/www.reefcruise.it\/fr\/contacts\/\" \/>\n<meta property=\"og:locale\" content=\"fr_FR\" \/>\n<meta property=\"og:type\" content=\"article\" \/>\n<meta property=\"og:title\" content=\"Contacts - Reef Cruise\" \/>\n<meta property=\"og:description\" content=\"Pour des excursions priv\u00e9es, des groupes, des \u00e9v\u00e9nements sp\u00e9ciaux ou toute demande que la r\u00e9servation en ligne ne couvre pas, \u00e9cris-nous ou appelle-nous. Nous te r\u00e9pondrons personnellement sous 24 heures. Reef Cruise Port d\u2019Alghero &#8211; c\/o Pontili Mar de Plata 07041 Alghero (SS) T : (+39) 379 146 4381 M : info@reefcruise.it O\u00f9 nous trouver\" \/>\n<meta property=\"og:url\" content=\"https:\/\/www.reefcruise.it\/fr\/contacts\/\" \/>\n<meta property=\"og:site_name\" content=\"Reef Cruise\" \/>\n<meta property=\"article:modified_time\" content=\"2026-04-09T13:49:25+00:00\" \/>\n<meta property=\"og:image\" content=\"https:\/\/www.reefcruise.it\/wp-content\/uploads\/2026\/03\/002_compressed.jpg\" \/>\n\t<meta property=\"og:image:width\" content=\"1280\" \/>\n\t<meta property=\"og:image:height\" content=\"832\" \/>\n\t<meta property=\"og:image:type\" content=\"image\/jpeg\" \/>\n<script type=\"application\/ld+json\" class=\"yoast-schema-graph\">{\"@context\":\"https:\\\/\\\/schema.org\",\"@graph\":[{\"@type\":\"WebPage\",\"@id\":\"https:\\\/\\\/www.reefcruise.it\\\/fr\\\/contacts\\\/\",\"url\":\"https:\\\/\\\/www.reefcruise.it\\\/fr\\\/contacts\\\/\",\"name\":\"Contacts - Reef Cruise\",\"isPartOf\":{\"@id\":\"https:\\\/\\\/www.reefcruise.it\\\/fr\\\/#website\"},\"datePublished\":\"2026-04-07T22:16:24+00:00\",\"dateModified\":\"2026-04-09T13:49:25+00:00\",\"breadcrumb\":{\"@id\":\"https:\\\/\\\/www.reefcruise.it\\\/fr\\\/contacts\\\/#breadcrumb\"},\"inLanguage\":\"fr-FR\",\"potentialAction\":[{\"@type\":\"ReadAction\",\"target\":[\"https:\\\/\\\/www.reefcruise.it\\\/fr\\\/contacts\\\/\"]}]},{\"@type\":\"BreadcrumbList\",\"@id\":\"https:\\\/\\\/www.reefcruise.it\\\/fr\\\/contacts\\\/#breadcrumb\",\"itemListElement\":[{\"@type\":\"ListItem\",\"position\":1,\"name\":\"Home\",\"item\":\"https:\\\/\\\/www.reefcruise.it\\\/fr\\\/accueil\\\/\"},{\"@type\":\"ListItem\",\"position\":2,\"name\":\"Contacts\"}]},{\"@type\":\"WebSite\",\"@id\":\"https:\\\/\\\/www.reefcruise.it\\\/fr\\\/#website\",\"url\":\"https:\\\/\\\/www.reefcruise.it\\\/fr\\\/\",\"name\":\"Reef Cruise\",\"description\":\"\",\"publisher\":{\"@id\":\"https:\\\/\\\/www.reefcruise.it\\\/fr\\\/#organization\"},\"potentialAction\":[{\"@type\":\"SearchAction\",\"target\":{\"@type\":\"EntryPoint\",\"urlTemplate\":\"https:\\\/\\\/www.reefcruise.it\\\/fr\\\/?s={search_term_string}\"},\"query-input\":{\"@type\":\"PropertyValueSpecification\",\"valueRequired\":true,\"valueName\":\"search_term_string\"}}],\"inLanguage\":\"fr-FR\"},{\"@type\":\"Organization\",\"@id\":\"https:\\\/\\\/www.reefcruise.it\\\/fr\\\/#organization\",\"name\":\"Reef Cruise\",\"url\":\"https:\\\/\\\/www.reefcruise.it\\\/fr\\\/\",\"logo\":{\"@type\":\"ImageObject\",\"inLanguage\":\"fr-FR\",\"@id\":\"https:\\\/\\\/www.reefcruise.it\\\/fr\\\/#\\\/schema\\\/logo\\\/image\\\/\",\"url\":\"https:\\\/\\\/www.reefcruise.it\\\/wp-content\\\/uploads\\\/2026\\\/03\\\/logo-color.svg\",\"contentUrl\":\"https:\\\/\\\/www.reefcruise.it\\\/wp-content\\\/uploads\\\/2026\\\/03\\\/logo-color.svg\",\"width\":1772,\"height\":1109,\"caption\":\"Reef Cruise\"},\"image\":{\"@id\":\"https:\\\/\\\/www.reefcruise.it\\\/fr\\\/#\\\/schema\\\/logo\\\/image\\\/\"}}]}<\/script>\n<!-- \/ Yoast SEO plugin. -->","yoast_head_json":{"title":"Contacts - Reef Cruise","robots":{"index":"index","follow":"follow","max-snippet":"max-snippet:-1","max-image-preview":"max-image-preview:large","max-video-preview":"max-video-preview:-1"},"canonical":"https:\/\/www.reefcruise.it\/fr\/contacts\/","og_locale":"fr_FR","og_type":"article","og_title":"Contacts - Reef Cruise","og_description":"Pour des excursions priv\u00e9es, des groupes, des \u00e9v\u00e9nements sp\u00e9ciaux ou toute demande que la r\u00e9servation en ligne ne couvre pas, \u00e9cris-nous ou appelle-nous. Nous te r\u00e9pondrons personnellement sous 24 heures. Reef Cruise Port d\u2019Alghero &#8211; c\/o Pontili Mar de Plata 07041 Alghero (SS) T : (+39) 379 146 4381 M : info@reefcruise.it O\u00f9 nous trouver","og_url":"https:\/\/www.reefcruise.it\/fr\/contacts\/","og_site_name":"Reef Cruise","article_modified_time":"2026-04-09T13:49:25+00:00","og_image":[{"width":1280,"height":832,"url":"https:\/\/www.reefcruise.it\/wp-content\/uploads\/2026\/03\/002_compressed.jpg","type":"image\/jpeg"}],"schema":{"@context":"https:\/\/schema.org","@graph":[{"@type":"WebPage","@id":"https:\/\/www.reefcruise.it\/fr\/contacts\/","url":"https:\/\/www.reefcruise.it\/fr\/contacts\/","name":"Contacts - Reef Cruise","isPartOf":{"@id":"https:\/\/www.reefcruise.it\/fr\/#website"},"datePublished":"2026-04-07T22:16:24+00:00","dateModified":"2026-04-09T13:49:25+00:00","breadcrumb":{"@id":"https:\/\/www.reefcruise.it\/fr\/contacts\/#breadcrumb"},"inLanguage":"fr-FR","potentialAction":[{"@type":"ReadAction","target":["https:\/\/www.reefcruise.it\/fr\/contacts\/"]}]},{"@type":"BreadcrumbList","@id":"https:\/\/www.reefcruise.it\/fr\/contacts\/#breadcrumb","itemListElement":[{"@type":"ListItem","position":1,"name":"Home","item":"https:\/\/www.reefcruise.it\/fr\/accueil\/"},{"@type":"ListItem","position":2,"name":"Contacts"}]},{"@type":"WebSite","@id":"https:\/\/www.reefcruise.it\/fr\/#website","url":"https:\/\/www.reefcruise.it\/fr\/","name":"Reef Cruise","description":"","publisher":{"@id":"https:\/\/www.reefcruise.it\/fr\/#organization"},"potentialAction":[{"@type":"SearchAction","target":{"@type":"EntryPoint","urlTemplate":"https:\/\/www.reefcruise.it\/fr\/?s={search_term_string}"},"query-input":{"@type":"PropertyValueSpecification","valueRequired":true,"valueName":"search_term_string"}}],"inLanguage":"fr-FR"},{"@type":"Organization","@id":"https:\/\/www.reefcruise.it\/fr\/#organization","name":"Reef Cruise","url":"https:\/\/www.reefcruise.it\/fr\/","logo":{"@type":"ImageObject","inLanguage":"fr-FR","@id":"https:\/\/www.reefcruise.it\/fr\/#\/schema\/logo\/image\/","url":"https:\/\/www.reefcruise.it\/wp-content\/uploads\/2026\/03\/logo-color.svg","contentUrl":"https:\/\/www.reefcruise.it\/wp-content\/uploads\/2026\/03\/logo-color.svg","width":1772,"height":1109,"caption":"Reef Cruise"},"image":{"@id":"https:\/\/www.reefcruise.it\/fr\/#\/schema\/logo\/image\/"}}]}},"_links":{"self":[{"href":"https:\/\/www.reefcruise.it\/fr\/wp-json\/wp\/v2\/pages\/1202","targetHints":{"allow":["GET"]}}],"collection":[{"href":"https:\/\/www.reefcruise.it\/fr\/wp-json\/wp\/v2\/pages"}],"about":[{"href":"https:\/\/www.reefcruise.it\/fr\/wp-json\/wp\/v2\/types\/page"}],"author":[{"embeddable":true,"href":"https:\/\/www.reefcruise.it\/fr\/wp-json\/wp\/v2\/users\/1"}],"replies":[{"embeddable":true,"href":"https:\/\/www.reefcruise.it\/fr\/wp-json\/wp\/v2\/comments?post=1202"}],"version-history":[{"count":1,"href":"https:\/\/www.reefcruise.it\/fr\/wp-json\/wp\/v2\/pages\/1202\/revisions"}],"predecessor-version":[{"id":1203,"href":"https:\/\/www.reefcruise.it\/fr\/wp-json\/wp\/v2\/pages\/1202\/revisions\/1203"}],"wp:attachment":[{"href":"https:\/\/www.reefcruise.it\/fr\/wp-json\/wp\/v2\/media?parent=1202"}],"curies":[{"name":"wp","href":"https:\/\/api.w.org\/{rel}","templated":true}]}}