{"id":1292,"date":"2026-04-07T22:32:31","date_gmt":"2026-04-07T22:32:31","guid":{"rendered":"https:\/\/www.reefcruise.it\/alquiler-de-gopro-kit-aventura\/"},"modified":"2026-04-09T15:32:45","modified_gmt":"2026-04-09T15:32:45","slug":"alquiler-de-gopro-kit-aventura","status":"publish","type":"page","link":"https:\/\/www.reefcruise.it\/es\/alquiler-de-gopro-kit-aventura\/","title":{"rendered":"Alquiler de GoPro + Kit Aventura"},"content":{"rendered":"\t\t<div data-elementor-type=\"wp-page\" data-elementor-id=\"1292\" class=\"elementor elementor-1292 elementor-857\" data-elementor-post-type=\"page\">\n\t\t\t\t<div class=\"elementor-element elementor-element-2230fc1 e-con-full e-flex e-con e-parent\" data-id=\"2230fc1\" data-element_type=\"container\" data-e-type=\"container\" data-settings=\"{&quot;background_background&quot;:&quot;classic&quot;}\">\n\t\t\t\t<\/div>\n\t\t<div class=\"elementor-element elementor-element-497a2f66 e-flex e-con-boxed e-con e-parent\" data-id=\"497a2f66\" data-element_type=\"container\" data-e-type=\"container\">\n\t\t\t\t\t<div class=\"e-con-inner\">\n\t\t<div class=\"elementor-element elementor-element-63a1721 e-con-full e-flex e-con e-child\" data-id=\"63a1721\" data-element_type=\"container\" data-e-type=\"container\">\n\t\t\t\t<div class=\"elementor-element elementor-element-685d41b5 elementor-widget elementor-widget-text-editor\" data-id=\"685d41b5\" data-element_type=\"widget\" data-e-type=\"widget\" data-widget_type=\"text-editor.default\">\n\t\t\t\t\t\t\t\t\t<p>Vive el tour sin preocuparte por tu smartphone. Con nuestro kit GoPro puedes grabar y hacer fotos incluso bajo el agua, con total seguridad.<br><br><\/p><h3>Qu\u00e9 incluye el kit<\/h3><p>GoPro, carcasa submarina y flotador. Nada, bucea y sum\u00e9rgete durante las paradas: el flotador mantiene la c\u00e1mara a flote, t\u00fa solo piensa en divertirte.<br><br><\/p><h3>C\u00f3mo funciona<\/h3><p>En un plazo de 7 d\u00edas laborables recibes todas las fotos y v\u00eddeos por email a trav\u00e9s de SwissTransfer. El enlace de descarga permanece activo durante 30 d\u00edas.<br><br><\/p><h3>Tarifas<\/h3><ul><li>Media jornada: 30 \u20ac<\/li><li>Jornada completa: 50 \u20ac<br><br><\/li><\/ul><h3>C\u00f3mo reservar<\/h3><p>Escr\u00edbenos por WhatsApp para reservar el kit. Pago con PayPal o en efectivo al embarcar.<\/p>\t\t\t\t\t\t\t\t<\/div>\n\t\t\t\t<\/div>\n\t\t<div class=\"elementor-element elementor-element-5615d178 e-con-full e-flex e-con e-child\" data-id=\"5615d178\" data-element_type=\"container\" data-e-type=\"container\" data-settings=\"{&quot;background_background&quot;:&quot;classic&quot;}\">\n\t\t\t\t<\/div>\n\t\t\t\t\t<\/div>\n\t\t\t\t<\/div>\n\t\t\t\t<\/div>\n\t\t","protected":false},"excerpt":{"rendered":"<p>Vive el tour sin preocuparte por tu smartphone. Con nuestro kit GoPro puedes grabar y hacer fotos incluso bajo el agua, con total seguridad. Qu\u00e9 incluye el kit GoPro, carcasa submarina y flotador. Nada, bucea y sum\u00e9rgete durante las paradas: el flotador mantiene la c\u00e1mara a flote, t\u00fa solo piensa en divertirte. C\u00f3mo funciona En [&hellip;]<\/p>\n","protected":false},"author":1,"featured_media":0,"parent":0,"menu_order":0,"comment_status":"closed","ping_status":"closed","template":"","meta":{"footnotes":""},"class_list":["post-1292","page","type-page","status-publish","hentry"],"yoast_head":"<!-- This site is optimized with the Yoast SEO plugin v27.3 - https:\/\/yoast.com\/product\/yoast-seo-wordpress\/ -->\n<title>Alquiler de GoPro + Kit Aventura - Reef Cruise<\/title>\n<meta name=\"robots\" content=\"index, follow, max-snippet:-1, max-image-preview:large, max-video-preview:-1\" \/>\n<link rel=\"canonical\" href=\"https:\/\/www.reefcruise.it\/es\/alquiler-de-gopro-kit-aventura\/\" \/>\n<meta property=\"og:locale\" content=\"es_ES\" \/>\n<meta property=\"og:type\" content=\"article\" \/>\n<meta property=\"og:title\" content=\"Alquiler de GoPro + Kit Aventura - Reef Cruise\" \/>\n<meta property=\"og:description\" content=\"Vive el tour sin preocuparte por tu smartphone. Con nuestro kit GoPro puedes grabar y hacer fotos incluso bajo el agua, con total seguridad. Qu\u00e9 incluye el kit GoPro, carcasa submarina y flotador. Nada, bucea y sum\u00e9rgete durante las paradas: el flotador mantiene la c\u00e1mara a flote, t\u00fa solo piensa en divertirte. C\u00f3mo funciona En [&hellip;]\" \/>\n<meta property=\"og:url\" content=\"https:\/\/www.reefcruise.it\/es\/alquiler-de-gopro-kit-aventura\/\" \/>\n<meta property=\"og:site_name\" content=\"Reef Cruise\" \/>\n<meta property=\"article:modified_time\" content=\"2026-04-09T15:32:45+00:00\" \/>\n<meta property=\"og:image\" content=\"https:\/\/www.reefcruise.it\/wp-content\/uploads\/2026\/03\/002_compressed.jpg\" \/>\n\t<meta property=\"og:image:width\" content=\"1280\" \/>\n\t<meta property=\"og:image:height\" content=\"832\" \/>\n\t<meta property=\"og:image:type\" content=\"image\/jpeg\" \/>\n<script type=\"application\/ld+json\" class=\"yoast-schema-graph\">{\"@context\":\"https:\\\/\\\/schema.org\",\"@graph\":[{\"@type\":\"WebPage\",\"@id\":\"https:\\\/\\\/www.reefcruise.it\\\/es\\\/alquiler-de-gopro-kit-aventura\\\/\",\"url\":\"https:\\\/\\\/www.reefcruise.it\\\/es\\\/alquiler-de-gopro-kit-aventura\\\/\",\"name\":\"Alquiler de GoPro + Kit Aventura - Reef Cruise\",\"isPartOf\":{\"@id\":\"https:\\\/\\\/www.reefcruise.it\\\/es\\\/#website\"},\"datePublished\":\"2026-04-07T22:32:31+00:00\",\"dateModified\":\"2026-04-09T15:32:45+00:00\",\"breadcrumb\":{\"@id\":\"https:\\\/\\\/www.reefcruise.it\\\/es\\\/alquiler-de-gopro-kit-aventura\\\/#breadcrumb\"},\"inLanguage\":\"es\",\"potentialAction\":[{\"@type\":\"ReadAction\",\"target\":[\"https:\\\/\\\/www.reefcruise.it\\\/es\\\/alquiler-de-gopro-kit-aventura\\\/\"]}]},{\"@type\":\"BreadcrumbList\",\"@id\":\"https:\\\/\\\/www.reefcruise.it\\\/es\\\/alquiler-de-gopro-kit-aventura\\\/#breadcrumb\",\"itemListElement\":[{\"@type\":\"ListItem\",\"position\":1,\"name\":\"Home\",\"item\":\"https:\\\/\\\/www.reefcruise.it\\\/es\\\/inicio\\\/\"},{\"@type\":\"ListItem\",\"position\":2,\"name\":\"Alquiler de GoPro + Kit Aventura\"}]},{\"@type\":\"WebSite\",\"@id\":\"https:\\\/\\\/www.reefcruise.it\\\/es\\\/#website\",\"url\":\"https:\\\/\\\/www.reefcruise.it\\\/es\\\/\",\"name\":\"Reef Cruise\",\"description\":\"\",\"publisher\":{\"@id\":\"https:\\\/\\\/www.reefcruise.it\\\/es\\\/#organization\"},\"potentialAction\":[{\"@type\":\"SearchAction\",\"target\":{\"@type\":\"EntryPoint\",\"urlTemplate\":\"https:\\\/\\\/www.reefcruise.it\\\/es\\\/?s={search_term_string}\"},\"query-input\":{\"@type\":\"PropertyValueSpecification\",\"valueRequired\":true,\"valueName\":\"search_term_string\"}}],\"inLanguage\":\"es\"},{\"@type\":\"Organization\",\"@id\":\"https:\\\/\\\/www.reefcruise.it\\\/es\\\/#organization\",\"name\":\"Reef Cruise\",\"url\":\"https:\\\/\\\/www.reefcruise.it\\\/es\\\/\",\"logo\":{\"@type\":\"ImageObject\",\"inLanguage\":\"es\",\"@id\":\"https:\\\/\\\/www.reefcruise.it\\\/es\\\/#\\\/schema\\\/logo\\\/image\\\/\",\"url\":\"https:\\\/\\\/www.reefcruise.it\\\/wp-content\\\/uploads\\\/2026\\\/03\\\/logo-color.svg\",\"contentUrl\":\"https:\\\/\\\/www.reefcruise.it\\\/wp-content\\\/uploads\\\/2026\\\/03\\\/logo-color.svg\",\"width\":1772,\"height\":1109,\"caption\":\"Reef Cruise\"},\"image\":{\"@id\":\"https:\\\/\\\/www.reefcruise.it\\\/es\\\/#\\\/schema\\\/logo\\\/image\\\/\"}}]}<\/script>\n<!-- \/ Yoast SEO plugin. -->","yoast_head_json":{"title":"Alquiler de GoPro + Kit Aventura - Reef Cruise","robots":{"index":"index","follow":"follow","max-snippet":"max-snippet:-1","max-image-preview":"max-image-preview:large","max-video-preview":"max-video-preview:-1"},"canonical":"https:\/\/www.reefcruise.it\/es\/alquiler-de-gopro-kit-aventura\/","og_locale":"es_ES","og_type":"article","og_title":"Alquiler de GoPro + Kit Aventura - Reef Cruise","og_description":"Vive el tour sin preocuparte por tu smartphone. Con nuestro kit GoPro puedes grabar y hacer fotos incluso bajo el agua, con total seguridad. Qu\u00e9 incluye el kit GoPro, carcasa submarina y flotador. Nada, bucea y sum\u00e9rgete durante las paradas: el flotador mantiene la c\u00e1mara a flote, t\u00fa solo piensa en divertirte. C\u00f3mo funciona En [&hellip;]","og_url":"https:\/\/www.reefcruise.it\/es\/alquiler-de-gopro-kit-aventura\/","og_site_name":"Reef Cruise","article_modified_time":"2026-04-09T15:32:45+00:00","og_image":[{"width":1280,"height":832,"url":"https:\/\/www.reefcruise.it\/wp-content\/uploads\/2026\/03\/002_compressed.jpg","type":"image\/jpeg"}],"schema":{"@context":"https:\/\/schema.org","@graph":[{"@type":"WebPage","@id":"https:\/\/www.reefcruise.it\/es\/alquiler-de-gopro-kit-aventura\/","url":"https:\/\/www.reefcruise.it\/es\/alquiler-de-gopro-kit-aventura\/","name":"Alquiler de GoPro + Kit Aventura - Reef Cruise","isPartOf":{"@id":"https:\/\/www.reefcruise.it\/es\/#website"},"datePublished":"2026-04-07T22:32:31+00:00","dateModified":"2026-04-09T15:32:45+00:00","breadcrumb":{"@id":"https:\/\/www.reefcruise.it\/es\/alquiler-de-gopro-kit-aventura\/#breadcrumb"},"inLanguage":"es","potentialAction":[{"@type":"ReadAction","target":["https:\/\/www.reefcruise.it\/es\/alquiler-de-gopro-kit-aventura\/"]}]},{"@type":"BreadcrumbList","@id":"https:\/\/www.reefcruise.it\/es\/alquiler-de-gopro-kit-aventura\/#breadcrumb","itemListElement":[{"@type":"ListItem","position":1,"name":"Home","item":"https:\/\/www.reefcruise.it\/es\/inicio\/"},{"@type":"ListItem","position":2,"name":"Alquiler de GoPro + Kit Aventura"}]},{"@type":"WebSite","@id":"https:\/\/www.reefcruise.it\/es\/#website","url":"https:\/\/www.reefcruise.it\/es\/","name":"Reef Cruise","description":"","publisher":{"@id":"https:\/\/www.reefcruise.it\/es\/#organization"},"potentialAction":[{"@type":"SearchAction","target":{"@type":"EntryPoint","urlTemplate":"https:\/\/www.reefcruise.it\/es\/?s={search_term_string}"},"query-input":{"@type":"PropertyValueSpecification","valueRequired":true,"valueName":"search_term_string"}}],"inLanguage":"es"},{"@type":"Organization","@id":"https:\/\/www.reefcruise.it\/es\/#organization","name":"Reef Cruise","url":"https:\/\/www.reefcruise.it\/es\/","logo":{"@type":"ImageObject","inLanguage":"es","@id":"https:\/\/www.reefcruise.it\/es\/#\/schema\/logo\/image\/","url":"https:\/\/www.reefcruise.it\/wp-content\/uploads\/2026\/03\/logo-color.svg","contentUrl":"https:\/\/www.reefcruise.it\/wp-content\/uploads\/2026\/03\/logo-color.svg","width":1772,"height":1109,"caption":"Reef Cruise"},"image":{"@id":"https:\/\/www.reefcruise.it\/es\/#\/schema\/logo\/image\/"}}]}},"_links":{"self":[{"href":"https:\/\/www.reefcruise.it\/es\/wp-json\/wp\/v2\/pages\/1292","targetHints":{"allow":["GET"]}}],"collection":[{"href":"https:\/\/www.reefcruise.it\/es\/wp-json\/wp\/v2\/pages"}],"about":[{"href":"https:\/\/www.reefcruise.it\/es\/wp-json\/wp\/v2\/types\/page"}],"author":[{"embeddable":true,"href":"https:\/\/www.reefcruise.it\/es\/wp-json\/wp\/v2\/users\/1"}],"replies":[{"embeddable":true,"href":"https:\/\/www.reefcruise.it\/es\/wp-json\/wp\/v2\/comments?post=1292"}],"version-history":[{"count":1,"href":"https:\/\/www.reefcruise.it\/es\/wp-json\/wp\/v2\/pages\/1292\/revisions"}],"predecessor-version":[{"id":1293,"href":"https:\/\/www.reefcruise.it\/es\/wp-json\/wp\/v2\/pages\/1292\/revisions\/1293"}],"wp:attachment":[{"href":"https:\/\/www.reefcruise.it\/es\/wp-json\/wp\/v2\/media?parent=1292"}],"curies":[{"name":"wp","href":"https:\/\/api.w.org\/{rel}","templated":true}]}}