{"id":1298,"date":"2026-04-07T22:32:31","date_gmt":"2026-04-07T22:32:31","guid":{"rendered":"https:\/\/www.reefcruise.it\/gopro-verleih-abenteuer-kit\/"},"modified":"2026-04-09T15:32:59","modified_gmt":"2026-04-09T15:32:59","slug":"gopro-verleih-abenteuer-kit","status":"publish","type":"page","link":"https:\/\/www.reefcruise.it\/de\/gopro-verleih-abenteuer-kit\/","title":{"rendered":"GoPro-Verleih + Abenteuer-Kit"},"content":{"rendered":"\t\t<div data-elementor-type=\"wp-page\" data-elementor-id=\"1298\" class=\"elementor elementor-1298 elementor-857\" data-elementor-post-type=\"page\">\n\t\t\t\t<div class=\"elementor-element elementor-element-2230fc1 e-con-full e-flex e-con e-parent\" data-id=\"2230fc1\" data-element_type=\"container\" data-e-type=\"container\" data-settings=\"{&quot;background_background&quot;:&quot;classic&quot;}\">\n\t\t\t\t<\/div>\n\t\t<div class=\"elementor-element elementor-element-497a2f66 e-flex e-con-boxed e-con e-parent\" data-id=\"497a2f66\" data-element_type=\"container\" data-e-type=\"container\">\n\t\t\t\t\t<div class=\"e-con-inner\">\n\t\t<div class=\"elementor-element elementor-element-63a1721 e-con-full e-flex e-con e-child\" data-id=\"63a1721\" data-element_type=\"container\" data-e-type=\"container\">\n\t\t\t\t<div class=\"elementor-element elementor-element-685d41b5 elementor-widget elementor-widget-text-editor\" data-id=\"685d41b5\" data-element_type=\"widget\" data-e-type=\"widget\" data-widget_type=\"text-editor.default\">\n\t\t\t\t\t\t\t\t\t<p>Erlebe die Tour, ohne dir Sorgen um dein Smartphone machen zu m\u00fcssen. Mit unserem GoPro-Kit kannst du auch unter Wasser in aller Sicherheit filmen und Fotos machen. <br><br><\/p><h3>Was das Kit beinhaltet<\/h3><p>GoPro, Unterwassergeh\u00e4use und Schwimmgriff. Schwimme, springe und tauche w\u00e4hrend der Stopps: Der Schwimmgriff h\u00e4lt die Kamera an der Oberfl\u00e4che, du konzentrierst dich nur auf den Spa\u00df. <br><br><\/p><h3>So funktioniert es<\/h3><p>Innerhalb von 7 Werktagen erh\u00e4ltst du alle Fotos und Videos per E-Mail \u00fcber SwissTransfer. Der Download-Link bleibt 30 Tage lang aktiv. <br><br><\/p><h3>Preise<\/h3><ul><li>Halber Tag: 30 \u20ac<\/li><li>Ganzer Tag: 50 \u20ac<br><br><\/li><\/ul><h3>So buchst du<\/h3><p>Schreib uns auf WhatsApp, um das Kit zu reservieren. Zahlung per PayPal oder in bar beim Boarding. <\/p>\t\t\t\t\t\t\t\t<\/div>\n\t\t\t\t<\/div>\n\t\t<div class=\"elementor-element elementor-element-5615d178 e-con-full e-flex e-con e-child\" data-id=\"5615d178\" data-element_type=\"container\" data-e-type=\"container\" data-settings=\"{&quot;background_background&quot;:&quot;classic&quot;}\">\n\t\t\t\t<\/div>\n\t\t\t\t\t<\/div>\n\t\t\t\t<\/div>\n\t\t\t\t<\/div>\n\t\t","protected":false},"excerpt":{"rendered":"<p>Erlebe die Tour, ohne dir Sorgen um dein Smartphone machen zu m\u00fcssen. Mit unserem GoPro-Kit kannst du auch unter Wasser in aller Sicherheit filmen und Fotos machen. Was das Kit beinhaltet GoPro, Unterwassergeh\u00e4use und Schwimmgriff. Schwimme, springe und tauche w\u00e4hrend der Stopps: Der Schwimmgriff h\u00e4lt die Kamera an der Oberfl\u00e4che, du konzentrierst dich nur auf [&hellip;]<\/p>\n","protected":false},"author":1,"featured_media":0,"parent":0,"menu_order":0,"comment_status":"closed","ping_status":"closed","template":"","meta":{"footnotes":""},"class_list":["post-1298","page","type-page","status-publish","hentry"],"yoast_head":"<!-- This site is optimized with the Yoast SEO plugin v27.3 - https:\/\/yoast.com\/product\/yoast-seo-wordpress\/ -->\n<title>GoPro-Verleih + Abenteuer-Kit - Reef Cruise<\/title>\n<meta name=\"robots\" content=\"index, follow, max-snippet:-1, max-image-preview:large, max-video-preview:-1\" \/>\n<link rel=\"canonical\" href=\"https:\/\/www.reefcruise.it\/de\/gopro-verleih-abenteuer-kit\/\" \/>\n<meta property=\"og:locale\" content=\"de_DE\" \/>\n<meta property=\"og:type\" content=\"article\" \/>\n<meta property=\"og:title\" content=\"GoPro-Verleih + Abenteuer-Kit - Reef Cruise\" \/>\n<meta property=\"og:description\" content=\"Erlebe die Tour, ohne dir Sorgen um dein Smartphone machen zu m\u00fcssen. Mit unserem GoPro-Kit kannst du auch unter Wasser in aller Sicherheit filmen und Fotos machen. Was das Kit beinhaltet GoPro, Unterwassergeh\u00e4use und Schwimmgriff. Schwimme, springe und tauche w\u00e4hrend der Stopps: Der Schwimmgriff h\u00e4lt die Kamera an der Oberfl\u00e4che, du konzentrierst dich nur auf [&hellip;]\" \/>\n<meta property=\"og:url\" content=\"https:\/\/www.reefcruise.it\/de\/gopro-verleih-abenteuer-kit\/\" \/>\n<meta property=\"og:site_name\" content=\"Reef Cruise\" \/>\n<meta property=\"article:modified_time\" content=\"2026-04-09T15:32:59+00:00\" \/>\n<meta property=\"og:image\" content=\"https:\/\/www.reefcruise.it\/wp-content\/uploads\/2026\/03\/002_compressed.jpg\" \/>\n\t<meta property=\"og:image:width\" content=\"1280\" \/>\n\t<meta property=\"og:image:height\" content=\"832\" \/>\n\t<meta property=\"og:image:type\" content=\"image\/jpeg\" \/>\n<script type=\"application\/ld+json\" class=\"yoast-schema-graph\">{\"@context\":\"https:\\\/\\\/schema.org\",\"@graph\":[{\"@type\":\"WebPage\",\"@id\":\"https:\\\/\\\/www.reefcruise.it\\\/de\\\/gopro-verleih-abenteuer-kit\\\/\",\"url\":\"https:\\\/\\\/www.reefcruise.it\\\/de\\\/gopro-verleih-abenteuer-kit\\\/\",\"name\":\"GoPro-Verleih + Abenteuer-Kit - Reef Cruise\",\"isPartOf\":{\"@id\":\"https:\\\/\\\/www.reefcruise.it\\\/de\\\/#website\"},\"datePublished\":\"2026-04-07T22:32:31+00:00\",\"dateModified\":\"2026-04-09T15:32:59+00:00\",\"breadcrumb\":{\"@id\":\"https:\\\/\\\/www.reefcruise.it\\\/de\\\/gopro-verleih-abenteuer-kit\\\/#breadcrumb\"},\"inLanguage\":\"de\",\"potentialAction\":[{\"@type\":\"ReadAction\",\"target\":[\"https:\\\/\\\/www.reefcruise.it\\\/de\\\/gopro-verleih-abenteuer-kit\\\/\"]}]},{\"@type\":\"BreadcrumbList\",\"@id\":\"https:\\\/\\\/www.reefcruise.it\\\/de\\\/gopro-verleih-abenteuer-kit\\\/#breadcrumb\",\"itemListElement\":[{\"@type\":\"ListItem\",\"position\":1,\"name\":\"Home\",\"item\":\"https:\\\/\\\/www.reefcruise.it\\\/de\\\/\"},{\"@type\":\"ListItem\",\"position\":2,\"name\":\"GoPro-Verleih + Abenteuer-Kit\"}]},{\"@type\":\"WebSite\",\"@id\":\"https:\\\/\\\/www.reefcruise.it\\\/de\\\/#website\",\"url\":\"https:\\\/\\\/www.reefcruise.it\\\/de\\\/\",\"name\":\"Reef Cruise\",\"description\":\"\",\"publisher\":{\"@id\":\"https:\\\/\\\/www.reefcruise.it\\\/de\\\/#organization\"},\"potentialAction\":[{\"@type\":\"SearchAction\",\"target\":{\"@type\":\"EntryPoint\",\"urlTemplate\":\"https:\\\/\\\/www.reefcruise.it\\\/de\\\/?s={search_term_string}\"},\"query-input\":{\"@type\":\"PropertyValueSpecification\",\"valueRequired\":true,\"valueName\":\"search_term_string\"}}],\"inLanguage\":\"de\"},{\"@type\":\"Organization\",\"@id\":\"https:\\\/\\\/www.reefcruise.it\\\/de\\\/#organization\",\"name\":\"Reef Cruise\",\"url\":\"https:\\\/\\\/www.reefcruise.it\\\/de\\\/\",\"logo\":{\"@type\":\"ImageObject\",\"inLanguage\":\"de\",\"@id\":\"https:\\\/\\\/www.reefcruise.it\\\/de\\\/#\\\/schema\\\/logo\\\/image\\\/\",\"url\":\"https:\\\/\\\/www.reefcruise.it\\\/wp-content\\\/uploads\\\/2026\\\/03\\\/logo-color.svg\",\"contentUrl\":\"https:\\\/\\\/www.reefcruise.it\\\/wp-content\\\/uploads\\\/2026\\\/03\\\/logo-color.svg\",\"width\":1772,\"height\":1109,\"caption\":\"Reef Cruise\"},\"image\":{\"@id\":\"https:\\\/\\\/www.reefcruise.it\\\/de\\\/#\\\/schema\\\/logo\\\/image\\\/\"}}]}<\/script>\n<!-- \/ Yoast SEO plugin. -->","yoast_head_json":{"title":"GoPro-Verleih + Abenteuer-Kit - Reef Cruise","robots":{"index":"index","follow":"follow","max-snippet":"max-snippet:-1","max-image-preview":"max-image-preview:large","max-video-preview":"max-video-preview:-1"},"canonical":"https:\/\/www.reefcruise.it\/de\/gopro-verleih-abenteuer-kit\/","og_locale":"de_DE","og_type":"article","og_title":"GoPro-Verleih + Abenteuer-Kit - Reef Cruise","og_description":"Erlebe die Tour, ohne dir Sorgen um dein Smartphone machen zu m\u00fcssen. Mit unserem GoPro-Kit kannst du auch unter Wasser in aller Sicherheit filmen und Fotos machen. Was das Kit beinhaltet GoPro, Unterwassergeh\u00e4use und Schwimmgriff. Schwimme, springe und tauche w\u00e4hrend der Stopps: Der Schwimmgriff h\u00e4lt die Kamera an der Oberfl\u00e4che, du konzentrierst dich nur auf [&hellip;]","og_url":"https:\/\/www.reefcruise.it\/de\/gopro-verleih-abenteuer-kit\/","og_site_name":"Reef Cruise","article_modified_time":"2026-04-09T15:32:59+00:00","og_image":[{"width":1280,"height":832,"url":"https:\/\/www.reefcruise.it\/wp-content\/uploads\/2026\/03\/002_compressed.jpg","type":"image\/jpeg"}],"schema":{"@context":"https:\/\/schema.org","@graph":[{"@type":"WebPage","@id":"https:\/\/www.reefcruise.it\/de\/gopro-verleih-abenteuer-kit\/","url":"https:\/\/www.reefcruise.it\/de\/gopro-verleih-abenteuer-kit\/","name":"GoPro-Verleih + Abenteuer-Kit - Reef Cruise","isPartOf":{"@id":"https:\/\/www.reefcruise.it\/de\/#website"},"datePublished":"2026-04-07T22:32:31+00:00","dateModified":"2026-04-09T15:32:59+00:00","breadcrumb":{"@id":"https:\/\/www.reefcruise.it\/de\/gopro-verleih-abenteuer-kit\/#breadcrumb"},"inLanguage":"de","potentialAction":[{"@type":"ReadAction","target":["https:\/\/www.reefcruise.it\/de\/gopro-verleih-abenteuer-kit\/"]}]},{"@type":"BreadcrumbList","@id":"https:\/\/www.reefcruise.it\/de\/gopro-verleih-abenteuer-kit\/#breadcrumb","itemListElement":[{"@type":"ListItem","position":1,"name":"Home","item":"https:\/\/www.reefcruise.it\/de\/"},{"@type":"ListItem","position":2,"name":"GoPro-Verleih + Abenteuer-Kit"}]},{"@type":"WebSite","@id":"https:\/\/www.reefcruise.it\/de\/#website","url":"https:\/\/www.reefcruise.it\/de\/","name":"Reef Cruise","description":"","publisher":{"@id":"https:\/\/www.reefcruise.it\/de\/#organization"},"potentialAction":[{"@type":"SearchAction","target":{"@type":"EntryPoint","urlTemplate":"https:\/\/www.reefcruise.it\/de\/?s={search_term_string}"},"query-input":{"@type":"PropertyValueSpecification","valueRequired":true,"valueName":"search_term_string"}}],"inLanguage":"de"},{"@type":"Organization","@id":"https:\/\/www.reefcruise.it\/de\/#organization","name":"Reef Cruise","url":"https:\/\/www.reefcruise.it\/de\/","logo":{"@type":"ImageObject","inLanguage":"de","@id":"https:\/\/www.reefcruise.it\/de\/#\/schema\/logo\/image\/","url":"https:\/\/www.reefcruise.it\/wp-content\/uploads\/2026\/03\/logo-color.svg","contentUrl":"https:\/\/www.reefcruise.it\/wp-content\/uploads\/2026\/03\/logo-color.svg","width":1772,"height":1109,"caption":"Reef Cruise"},"image":{"@id":"https:\/\/www.reefcruise.it\/de\/#\/schema\/logo\/image\/"}}]}},"_links":{"self":[{"href":"https:\/\/www.reefcruise.it\/de\/wp-json\/wp\/v2\/pages\/1298","targetHints":{"allow":["GET"]}}],"collection":[{"href":"https:\/\/www.reefcruise.it\/de\/wp-json\/wp\/v2\/pages"}],"about":[{"href":"https:\/\/www.reefcruise.it\/de\/wp-json\/wp\/v2\/types\/page"}],"author":[{"embeddable":true,"href":"https:\/\/www.reefcruise.it\/de\/wp-json\/wp\/v2\/users\/1"}],"replies":[{"embeddable":true,"href":"https:\/\/www.reefcruise.it\/de\/wp-json\/wp\/v2\/comments?post=1298"}],"version-history":[{"count":1,"href":"https:\/\/www.reefcruise.it\/de\/wp-json\/wp\/v2\/pages\/1298\/revisions"}],"predecessor-version":[{"id":1299,"href":"https:\/\/www.reefcruise.it\/de\/wp-json\/wp\/v2\/pages\/1298\/revisions\/1299"}],"wp:attachment":[{"href":"https:\/\/www.reefcruise.it\/de\/wp-json\/wp\/v2\/media?parent=1298"}],"curies":[{"name":"wp","href":"https:\/\/api.w.org\/{rel}","templated":true}]}}